{"id":651,"date":"2021-01-19T18:36:12","date_gmt":"2021-01-19T18:36:12","guid":{"rendered":"http:\/\/www2.gamperhof.net\/?page_id=651"},"modified":"2022-06-16T18:04:12","modified_gmt":"2022-06-16T18:04:12","slug":"garten_und_hof","status":"publish","type":"page","link":"http:\/\/www.gamperhof.net\/it\/garten_und_hof\/","title":{"rendered":"Giardino e Cortile"},"content":{"rendered":"<div class=\"vc_row wpb_row vc_row-fluid\"><div class=\"wpb_column vc_column_container vc_col-sm-12\"><div class=\"vc_column-inner\"><div class=\"wpb_wrapper\">\n\t<div class=\"wpb_text_column wpb_content_element\" >\n\t\t<div class=\"wpb_wrapper\">\n\t\t\t<h5>Se date un'occhiata in giro per la fattoria, troverete diversi posti invitanti per indugiare in pace. In mezzo ai frutteti, si pu\u00f2 prendere il sole con un lettino o leggere un libro della nostra piccola biblioteca. Potete finire la serata in un'atmosfera accogliente al nostro camino.<\/h5>\n\n\t\t<\/div>\n\t<\/div>\n\n\t<div class=\"wpb_text_column wpb_content_element\" >\n\t\t<div class=\"wpb_wrapper\">\n\t\t\t<h5>C'\u00e8 anche molto divertimento per i nostri giovani ospiti. C'\u00e8 un sacco di spazio per loro per sfogarsi davvero. Prendete il trattore a pedali per un giro nel cortile, dondolatevi in aria sull'altalena o saltate sul trampolino - c'\u00e8 qualcosa per tutti. Il calcio balilla, il ping-pong o le freccette vi invitano a un divertente giro di giochi, e gli amanti degli animali possono fare un salto dai nostri coniglietti nani.<\/h5>\n<h5>A seconda della disponibilita e della stagione vengono forniti frutta e pomodori.<\/h5>\n\n\t\t<\/div>\n\t<\/div>\n\n\t<div class=\"wpb_text_column wpb_content_element\" >\n\t\t<div class=\"wpb_wrapper\">\n\t\t\t<h5><strong>Vi invitiamo a una \"mostra\" (visita) sul nostro maso.<\/strong><\/h5>\n\n\t\t<\/div>\n\t<\/div>\n<div class=\"vc_separator wpb_content_element vc_separator_align_center vc_sep_width_100 vc_sep_border_width_3 vc_sep_pos_align_center vc_separator_no_text\" ><span class=\"vc_sep_holder vc_sep_holder_l\"><span  style=\"border-color:#990000;\" class=\"vc_sep_line\"><\/span><\/span><span class=\"vc_sep_holder vc_sep_holder_r\"><span  style=\"border-color:#990000;\" class=\"vc_sep_line\"><\/span><\/span>\n<\/div><\/div><\/div><\/div><\/div><div class=\"vc_row wpb_row vc_row-fluid\"><div class=\"wpb_column vc_column_container vc_col-sm-12\"><div class=\"vc_column-inner\"><div class=\"wpb_wrapper\">\n<div class=\"vc_grid-container-wrapper vc_clearfix\">\n\t<div class=\"vc_grid-container vc_clearfix wpb_content_element vc_media_grid\" data-initial-loading-animation=\"fadeIn\" data-vc-grid-settings=\"{&quot;page_id&quot;:651,&quot;style&quot;:&quot;all&quot;,&quot;action&quot;:&quot;vc_get_vc_grid_data&quot;,&quot;shortcode_id&quot;:&quot;1655402437021-34c0b50d7957f005d3de1a1d02c182a0-2&quot;,&quot;tag&quot;:&quot;vc_media_grid&quot;}\" data-vc-request=\"http:\/\/www.gamperhof.net\/wp-admin\/admin-ajax.php\" data-vc-post-id=\"651\" data-vc-public-nonce=\"dfecf87e5b\">\n\t\t\n\t<\/div>\n<\/div><\/div><\/div><\/div><\/div>","protected":false},"excerpt":{"rendered":"Wer sich am Hof umschaut, findet so einige einladende Pl\u00e4tzchen um in Ruhe zu Verweilen. Inmitten von Obstanlagen k\u00f6nnen Sie mit einer Liege ordentlich Sonne tanken oder gem\u00fctlich ein Buch aus unserer kleinen Hausbibliothek lesen. Den Abend k\u00f6nnen Sie an unserer Feuerstelle gem\u00fctlich ausklingen lassen. Auch f\u00fcr unsere jungen G\u00e4ste kommt der Spa\u00df nicht zu<a href=\"http:\/\/www.gamperhof.net\/it\/garten_und_hof\/\" class=\"sohohotel-more-link\">Read More<i class=\"fa fa-angle-right\"><\/i><\/a>","protected":false},"author":1,"featured_media":0,"parent":0,"menu_order":0,"comment_status":"closed","ping_status":"closed","template":"","meta":[],"_links":{"self":[{"href":"http:\/\/www.gamperhof.net\/it\/wp-json\/wp\/v2\/pages\/651"}],"collection":[{"href":"http:\/\/www.gamperhof.net\/it\/wp-json\/wp\/v2\/pages"}],"about":[{"href":"http:\/\/www.gamperhof.net\/it\/wp-json\/wp\/v2\/types\/page"}],"author":[{"embeddable":true,"href":"http:\/\/www.gamperhof.net\/it\/wp-json\/wp\/v2\/users\/1"}],"replies":[{"embeddable":true,"href":"http:\/\/www.gamperhof.net\/it\/wp-json\/wp\/v2\/comments?post=651"}],"version-history":[{"count":12,"href":"http:\/\/www.gamperhof.net\/it\/wp-json\/wp\/v2\/pages\/651\/revisions"}],"predecessor-version":[{"id":853,"href":"http:\/\/www.gamperhof.net\/it\/wp-json\/wp\/v2\/pages\/651\/revisions\/853"}],"wp:attachment":[{"href":"http:\/\/www.gamperhof.net\/it\/wp-json\/wp\/v2\/media?parent=651"}],"curies":[{"name":"wp","href":"https:\/\/api.w.org\/{rel}","templated":true}]}}